{"id":3432,"date":"2014-11-12T12:14:08","date_gmt":"2014-11-12T11:14:08","guid":{"rendered":"http:\/\/dev.epe-asso.org\/?page_id=3432"},"modified":"2015-05-12T14:17:29","modified_gmt":"2015-05-12T13:17:29","slug":"lettre-epe","status":"publish","type":"page","link":"https:\/\/dev.epe-asso.org\/en\/lettre-epe\/","title":{"rendered":"EpE Letter"},"content":{"rendered":"<p><img decoding=\"async\" loading=\"lazy\" class=\"alignleft wp-image-3388 \" src=\"\/wp-content\/uploads\/2014\/11\/EpE_newsletter_juillet_2014-33-207x300.jpg\" alt=\"EpE_newsletter_juillet_2014-33\" width=\"117\" height=\"169\" \/>Depuis 2006, EpE publie une lettre trimestrielle, sur un format recto verso, permettant aux Pr\u00e9sidents de ses entreprises membres de s\u2019exprimer sur des probl\u00e9matiques environnementales et de d\u00e9veloppement durable, et de poser des questions ouvertes.<\/p>\n<p>Pour vous abonner ou vous d\u00e9sabonner \u00e0 cette lettre gratuite par courriel, merci de nous le signaler avec vos coordonn\u00e9es \u00e0 l\u2019adresse :<a href=\"mailto:lalettre@epe-asso.org\"> lalettre@epe-asso.org<\/a><\/p>\n<hr \/>\n\n","protected":false},"excerpt":{"rendered":"<p>Depuis 2006, EpE publie une lettre trimestrielle, sur un format recto verso, permettant aux Pr\u00e9sidents de ses entreprises membres de s\u2019exprimer sur des probl\u00e9matiques environnementales&hellip; <a href=\"https:\/\/dev.epe-asso.org\/en\/lettre-epe\/\" class=\"post-excerpt-readmore\"><\/a><\/p>\n","protected":false},"author":1,"featured_media":0,"parent":0,"menu_order":0,"comment_status":"open","ping_status":"open","template":"","meta":{"passster_activate_protection":false,"passster_protect_child_pages":"","passster_protection_type":"password","passster_password":"","passster_activate_overwrite_defaults":"","passster_headline":"","passster_instruction":"","passster_placeholder":"","passster_button":"","passster_id":"","passster_activate_misc_settings":"","passster_redirect_url":"","passster_hide":"no","passster_area_shortcode":"","_mi_skip_tracking":false,"_monsterinsights_sitenote_active":false,"_monsterinsights_sitenote_note":"","_monsterinsights_sitenote_category":0},"yoast_head":"<!-- This site is optimized with the Yoast SEO plugin v20.10 - https:\/\/yoast.com\/wordpress\/plugins\/seo\/ -->\n<title>EpE Letter | EpE | Entreprises pour l&#039;Environnement<\/title>\n<meta name=\"robots\" content=\"index, follow, max-snippet:-1, max-image-preview:large, max-video-preview:-1\" \/>\n<link rel=\"canonical\" href=\"https:\/\/dev.epe-asso.org\/en\/lettre-epe\/\" \/>\n<script type=\"application\/ld+json\" class=\"yoast-schema-graph\">{\"@context\":\"https:\/\/schema.org\",\"@graph\":[{\"@type\":\"WebPage\",\"@id\":\"https:\/\/dev.epe-asso.org\/en\/lettre-epe\/\",\"url\":\"https:\/\/dev.epe-asso.org\/en\/lettre-epe\/\",\"name\":\"EpE Letter | EpE | Entreprises pour l&#039;Environnement\",\"isPartOf\":{\"@id\":\"https:\/\/dev.epe-asso.org\/#website\"},\"datePublished\":\"2014-11-12T11:14:08+00:00\",\"dateModified\":\"2015-05-12T13:17:29+00:00\",\"breadcrumb\":{\"@id\":\"https:\/\/dev.epe-asso.org\/en\/lettre-epe\/#breadcrumb\"},\"inLanguage\":\"en-US\",\"potentialAction\":[{\"@type\":\"ReadAction\",\"target\":[\"https:\/\/dev.epe-asso.org\/en\/lettre-epe\/\"]}]},{\"@type\":\"BreadcrumbList\",\"@id\":\"https:\/\/dev.epe-asso.org\/en\/lettre-epe\/#breadcrumb\",\"itemListElement\":[{\"@type\":\"ListItem\",\"position\":1,\"name\":\"Accueil\",\"item\":\"https:\/\/dev.epe-asso.org\/en\/\"},{\"@type\":\"ListItem\",\"position\":2,\"name\":\"EpE Letter\"}]},{\"@type\":\"WebSite\",\"@id\":\"https:\/\/dev.epe-asso.org\/#website\",\"url\":\"https:\/\/dev.epe-asso.org\/\",\"name\":\"EpE | Entreprises pour l&#039;Environnement\",\"description\":\"\",\"potentialAction\":[{\"@type\":\"SearchAction\",\"target\":{\"@type\":\"EntryPoint\",\"urlTemplate\":\"https:\/\/dev.epe-asso.org\/?s={search_term_string}\"},\"query-input\":\"required name=search_term_string\"}],\"inLanguage\":\"en-US\"}]}<\/script>\n<!-- \/ Yoast SEO plugin. -->","yoast_head_json":{"title":"EpE Letter | EpE | Entreprises pour l&#039;Environnement","robots":{"index":"index","follow":"follow","max-snippet":"max-snippet:-1","max-image-preview":"max-image-preview:large","max-video-preview":"max-video-preview:-1"},"canonical":"https:\/\/dev.epe-asso.org\/en\/lettre-epe\/","schema":{"@context":"https:\/\/schema.org","@graph":[{"@type":"WebPage","@id":"https:\/\/dev.epe-asso.org\/en\/lettre-epe\/","url":"https:\/\/dev.epe-asso.org\/en\/lettre-epe\/","name":"EpE Letter | EpE | Entreprises pour l&#039;Environnement","isPartOf":{"@id":"https:\/\/dev.epe-asso.org\/#website"},"datePublished":"2014-11-12T11:14:08+00:00","dateModified":"2015-05-12T13:17:29+00:00","breadcrumb":{"@id":"https:\/\/dev.epe-asso.org\/en\/lettre-epe\/#breadcrumb"},"inLanguage":"en-US","potentialAction":[{"@type":"ReadAction","target":["https:\/\/dev.epe-asso.org\/en\/lettre-epe\/"]}]},{"@type":"BreadcrumbList","@id":"https:\/\/dev.epe-asso.org\/en\/lettre-epe\/#breadcrumb","itemListElement":[{"@type":"ListItem","position":1,"name":"Accueil","item":"https:\/\/dev.epe-asso.org\/en\/"},{"@type":"ListItem","position":2,"name":"EpE Letter"}]},{"@type":"WebSite","@id":"https:\/\/dev.epe-asso.org\/#website","url":"https:\/\/dev.epe-asso.org\/","name":"EpE | Entreprises pour l&#039;Environnement","description":"","potentialAction":[{"@type":"SearchAction","target":{"@type":"EntryPoint","urlTemplate":"https:\/\/dev.epe-asso.org\/?s={search_term_string}"},"query-input":"required name=search_term_string"}],"inLanguage":"en-US"}]}},"_links":{"self":[{"href":"https:\/\/dev.epe-asso.org\/en\/wp-json\/wp\/v2\/pages\/3432"}],"collection":[{"href":"https:\/\/dev.epe-asso.org\/en\/wp-json\/wp\/v2\/pages"}],"about":[{"href":"https:\/\/dev.epe-asso.org\/en\/wp-json\/wp\/v2\/types\/page"}],"author":[{"embeddable":true,"href":"https:\/\/dev.epe-asso.org\/en\/wp-json\/wp\/v2\/users\/1"}],"replies":[{"embeddable":true,"href":"https:\/\/dev.epe-asso.org\/en\/wp-json\/wp\/v2\/comments?post=3432"}],"version-history":[{"count":3,"href":"https:\/\/dev.epe-asso.org\/en\/wp-json\/wp\/v2\/pages\/3432\/revisions"}],"predecessor-version":[{"id":6121,"href":"https:\/\/dev.epe-asso.org\/en\/wp-json\/wp\/v2\/pages\/3432\/revisions\/6121"}],"wp:attachment":[{"href":"https:\/\/dev.epe-asso.org\/en\/wp-json\/wp\/v2\/media?parent=3432"}],"curies":[{"name":"wp","href":"https:\/\/api.w.org\/{rel}","templated":true}]}}