{"id":5115,"date":"2014-12-16T11:27:24","date_gmt":"2014-12-16T10:27:24","guid":{"rendered":"http:\/\/dev.epe-asso.org\/?page_id=5115"},"modified":"2019-05-22T14:00:12","modified_gmt":"2019-05-22T13:00:12","slug":"contact-us","status":"publish","type":"page","link":"https:\/\/dev.epe-asso.org\/en\/contact-us\/","title":{"rendered":"CONTACT US"},"content":{"rendered":"<div class=\"one-half\">\n<h4>Address<\/h4>\n<div class=\"ul-style-lines\"><\/p>\n<ul style=\"list-style-image: none;\">\n<li><i class=\"icon-home color-hightlight\"><\/i> 50 rue de la Chauss\u00e9e d&#8217;Antin Paris 75009<\/li>\n<li><i class=\"icon-phone color-hightlight\"><\/i> T\u00e9l : + (33) 1 49 70 98 50<\/li>\n<\/ul>\n<p><\/div>\n<h4>CONTACT US<\/h4>\n<form method=\"post\" action=\"https:\/\/dev.epe-asso.org\/wp-admin\/admin-ajax.php\" class=\"contact-form\" id=\"contact-form\"><input type=\"hidden\" name=\"action\" value=\"om_ajax_contact_form\"><div class=\"line\"><input type=\"text\" name=\"fields[bGFzdCBuYW1l]\" placeholder=\"last name*\" value=\"\"   class=\"required\" \/><\/div><div class=\"line\"><input type=\"text\" name=\"fields[Zmlyc3QgbmFtZQ==]\" placeholder=\"first name*\" value=\"\"   class=\"required\" \/><\/div><div class=\"line\"><input type=\"text\" name=\"fields[RS1tYWls]\" placeholder=\"E-mail*\" value=\"\"   class=\"required\" \/><\/div><div class=\"line\"><textarea rows=\"4\" name=\"fields[WW91ciBtZXNzYWdl]\" placeholder=\"Your message*\"  class=\"required\"><\/textarea><\/div><input type=\"submit\" value=\"Envoyez\" \/><\/form><div id=\"contact-form-success\" class=\"dn infopane color-green with-icon\"><i class=\"icon-check infopane-icon\"><\/i>Merci, Votre message sera trait\u00e9 dans les plus brefs d\u00e9lais.\r\n\r\nCordialement,\r\nL'\u00e9quipe d'EpE.<\/div><div id=\"contact-form-error\" class=\"dn infopane color-red with-icon\"><i class=\"icon-warning-sign infopane-icon\"><\/i> Sorry, an error has occured.<\/div>\n<p><\/div><div class=\"one-half last\">\n<h4>Locate<\/h4>\n<div style=\"max-width:1200px;margin:0 auto\"><div class=\"video-embed google-map-inside\"><iframe loading=\"lazy\" style=\"border: 0;\" src=\"https:\/\/www.google.com\/maps\/embed?pb=!1m14!1m8!1m3!1d10496.699846582811!2d2.3332559!3d48.8739411!3m2!1i1024!2i768!4f13.1!3m3!1m2!1s0x47e66e370ad3918b%3A0x56d91303e592389d!2s50+Rue+de+la+Chauss%C3%A9e+d'Antin%2C+75009+Paris!5e0!3m2!1sfr!2sfr!4v1415370637027\" width=\"400\" height=\"240\" frameborder=\"0\"><\/iframe><br \/>\n<\/div><\/div>\n<p><\/div><div class=\"clear\"><\/div>\n","protected":false},"excerpt":{"rendered":"Address 50 rue de la Chauss\u00e9e d'Antin Paris 75009 T\u00e9l : + (33) 1 49 70 98 50 CONTACT US Merci, Votre message sera trait\u00e9&hellip; <a href=\"https:\/\/dev.epe-asso.org\/en\/contact-us\/\" class=\"post-excerpt-readmore\"><\/a>","protected":false},"author":1,"featured_media":0,"parent":0,"menu_order":0,"comment_status":"open","ping_status":"open","template":"","meta":{"passster_activate_protection":false,"passster_protect_child_pages":"","passster_protection_type":"password","passster_password":"","passster_activate_overwrite_defaults":"","passster_headline":"","passster_instruction":"","passster_placeholder":"","passster_button":"","passster_id":"","passster_activate_misc_settings":"","passster_redirect_url":"","passster_hide":"no","passster_area_shortcode":"","_mi_skip_tracking":false,"_monsterinsights_sitenote_active":false,"_monsterinsights_sitenote_note":"","_monsterinsights_sitenote_category":0},"yoast_head":"<!-- This site is optimized with the Yoast SEO plugin v20.10 - https:\/\/yoast.com\/wordpress\/plugins\/seo\/ -->\n<title>CONTACT US | EpE | Entreprises pour l&#039;Environnement<\/title>\n<meta name=\"robots\" content=\"index, follow, max-snippet:-1, max-image-preview:large, max-video-preview:-1\" \/>\n<link rel=\"canonical\" href=\"https:\/\/dev.epe-asso.org\/en\/contact-us\/\" \/>\n<script type=\"application\/ld+json\" class=\"yoast-schema-graph\">{\"@context\":\"https:\/\/schema.org\",\"@graph\":[{\"@type\":\"WebPage\",\"@id\":\"https:\/\/dev.epe-asso.org\/en\/contact-us\/\",\"url\":\"https:\/\/dev.epe-asso.org\/en\/contact-us\/\",\"name\":\"CONTACT US | EpE | Entreprises pour l&#039;Environnement\",\"isPartOf\":{\"@id\":\"https:\/\/dev.epe-asso.org\/#website\"},\"datePublished\":\"2014-12-16T10:27:24+00:00\",\"dateModified\":\"2019-05-22T13:00:12+00:00\",\"breadcrumb\":{\"@id\":\"https:\/\/dev.epe-asso.org\/en\/contact-us\/#breadcrumb\"},\"inLanguage\":\"en-US\",\"potentialAction\":[{\"@type\":\"ReadAction\",\"target\":[\"https:\/\/dev.epe-asso.org\/en\/contact-us\/\"]}]},{\"@type\":\"BreadcrumbList\",\"@id\":\"https:\/\/dev.epe-asso.org\/en\/contact-us\/#breadcrumb\",\"itemListElement\":[{\"@type\":\"ListItem\",\"position\":1,\"name\":\"Accueil\",\"item\":\"https:\/\/dev.epe-asso.org\/en\/\"},{\"@type\":\"ListItem\",\"position\":2,\"name\":\"CONTACT US\"}]},{\"@type\":\"WebSite\",\"@id\":\"https:\/\/dev.epe-asso.org\/#website\",\"url\":\"https:\/\/dev.epe-asso.org\/\",\"name\":\"EpE | Entreprises pour l&#039;Environnement\",\"description\":\"\",\"potentialAction\":[{\"@type\":\"SearchAction\",\"target\":{\"@type\":\"EntryPoint\",\"urlTemplate\":\"https:\/\/dev.epe-asso.org\/?s={search_term_string}\"},\"query-input\":\"required name=search_term_string\"}],\"inLanguage\":\"en-US\"}]}<\/script>\n<!-- \/ Yoast SEO plugin. -->","yoast_head_json":{"title":"CONTACT US | EpE | Entreprises pour l&#039;Environnement","robots":{"index":"index","follow":"follow","max-snippet":"max-snippet:-1","max-image-preview":"max-image-preview:large","max-video-preview":"max-video-preview:-1"},"canonical":"https:\/\/dev.epe-asso.org\/en\/contact-us\/","schema":{"@context":"https:\/\/schema.org","@graph":[{"@type":"WebPage","@id":"https:\/\/dev.epe-asso.org\/en\/contact-us\/","url":"https:\/\/dev.epe-asso.org\/en\/contact-us\/","name":"CONTACT US | EpE | Entreprises pour l&#039;Environnement","isPartOf":{"@id":"https:\/\/dev.epe-asso.org\/#website"},"datePublished":"2014-12-16T10:27:24+00:00","dateModified":"2019-05-22T13:00:12+00:00","breadcrumb":{"@id":"https:\/\/dev.epe-asso.org\/en\/contact-us\/#breadcrumb"},"inLanguage":"en-US","potentialAction":[{"@type":"ReadAction","target":["https:\/\/dev.epe-asso.org\/en\/contact-us\/"]}]},{"@type":"BreadcrumbList","@id":"https:\/\/dev.epe-asso.org\/en\/contact-us\/#breadcrumb","itemListElement":[{"@type":"ListItem","position":1,"name":"Accueil","item":"https:\/\/dev.epe-asso.org\/en\/"},{"@type":"ListItem","position":2,"name":"CONTACT US"}]},{"@type":"WebSite","@id":"https:\/\/dev.epe-asso.org\/#website","url":"https:\/\/dev.epe-asso.org\/","name":"EpE | Entreprises pour l&#039;Environnement","description":"","potentialAction":[{"@type":"SearchAction","target":{"@type":"EntryPoint","urlTemplate":"https:\/\/dev.epe-asso.org\/?s={search_term_string}"},"query-input":"required name=search_term_string"}],"inLanguage":"en-US"}]}},"_links":{"self":[{"href":"https:\/\/dev.epe-asso.org\/en\/wp-json\/wp\/v2\/pages\/5115"}],"collection":[{"href":"https:\/\/dev.epe-asso.org\/en\/wp-json\/wp\/v2\/pages"}],"about":[{"href":"https:\/\/dev.epe-asso.org\/en\/wp-json\/wp\/v2\/types\/page"}],"author":[{"embeddable":true,"href":"https:\/\/dev.epe-asso.org\/en\/wp-json\/wp\/v2\/users\/1"}],"replies":[{"embeddable":true,"href":"https:\/\/dev.epe-asso.org\/en\/wp-json\/wp\/v2\/comments?post=5115"}],"version-history":[{"count":3,"href":"https:\/\/dev.epe-asso.org\/en\/wp-json\/wp\/v2\/pages\/5115\/revisions"}],"predecessor-version":[{"id":5119,"href":"https:\/\/dev.epe-asso.org\/en\/wp-json\/wp\/v2\/pages\/5115\/revisions\/5119"}],"wp:attachment":[{"href":"https:\/\/dev.epe-asso.org\/en\/wp-json\/wp\/v2\/media?parent=5115"}],"curies":[{"name":"wp","href":"https:\/\/api.w.org\/{rel}","templated":true}]}}