{"id":5516,"date":"2014-11-15T16:57:12","date_gmt":"2014-11-15T15:57:12","guid":{"rendered":"http:\/\/www.epe-asso.org\/liste-des-membres-2\/"},"modified":"2023-03-07T13:28:56","modified_gmt":"2023-03-07T12:28:56","slug":"our-members","status":"publish","type":"page","link":"https:\/\/dev.epe-asso.org\/en\/our-members\/","title":{"rendered":"OUR MEMBERS"},"content":{"rendered":"<p><span style=\"font-size: 14px;\"><div class=\"one-half\"><\/span><br \/>\n<span style=\"font-size: 14px;\"> <div class=\"ul-style-lines\"><\/span><\/p>\n<ul class=\"icons\" style=\"list-style-image: none;\">\n<li><i class=\"icon-user color-hightlight\"><\/i><span style=\"color: #000000;\"><a style=\"color: #000000;\" href=\"https:\/\/www.accenture.com\/gb-en\/about\/sustainability\/sustainability-value-promise\" target=\"_blank\">ACCENTURE<\/a><\/span><\/li>\n<li><i class=\"icon-user color-hightlight\"><\/i><span style=\"color: #000000;\"><a style=\"color: #000000;\" href=\"http:\/\/www.aeroportsdeparis.fr\/homepage-groupe\">Groupe ADP<\/a><\/span><\/li>\n<li><i class=\"icon-user color-hightlight\"><\/i><span style=\"color: #000000;\"><a style=\"color: #000000;\" href=\"https:\/\/www.aig.com\/worldwide\" target=\"_blank\">AIG<\/a><\/span><\/li>\n<li><i class=\"icon-user color-hightlight\"><\/i><span style=\"color: #000000;\"><a style=\"color: #000000;\" href=\"http:\/\/www.airbusgroup.com\/int\/en.html\" target=\"_blank\">AIRBUS<\/a><\/span><\/li>\n<li><i class=\"icon-user color-hightlight\"><\/i><span style=\"color: #000000;\"><a style=\"color: #000000;\" href=\"http:\/\/corporate.airfrance.com\/fr\/la-compagnie\/\" target=\"_blank\">AIR FRANCE<\/a><\/span><\/li>\n<li><i class=\"icon-user color-hightlight\"><\/i><span style=\"color: #000000;\"><a style=\"color: #000000;\" href=\"http:\/\/www.industriel-marchand.alfi.airliquide.fr\/\" target=\"_blank\">AIR LIQUIDE<\/a><\/span><\/li>\n<li><i class=\"icon-user color-hightlight\"><\/i><span style=\"color: #000000;\"><a style=\"color: #000000;\" href=\"https:\/\/www.apave-international.com\/index.asp\" target=\"_blank\">APAVE<\/a><\/span><\/li>\n<li><i class=\"icon-user color-hightlight\"><\/i><span style=\"color: #000000;\"><a style=\"color: #000000;\" href=\"https:\/\/www.arkema.com\/france\/en\/\" target=\"_blank\">ARKEMA<\/a><\/span><\/li>\n<li><i class=\"icon-user color-hightlight\"><\/i><span style=\"color: #000000;\"><a style=\"color: #000000;\" href=\"https:\/\/entreprise.axa.fr\/\" target=\"_blank\">AXA<\/a><\/span><\/li>\n<li><i class=\"icon-user color-hightlight\"><\/i><span style=\"color: #000000;\"><a style=\"color: #000000;\" href=\"http:\/\/www.basf.fr\/ecp2\/France\/fr\/\" target=\"_blank\">BASF France<\/a><\/span><\/li>\n<li><i class=\"icon-user color-hightlight\"><\/i><span style=\"color: #000000;\"><a style=\"color: #000000;\" href=\"https:\/\/www.bayer.fr\/\" target=\"_blank\">BAYER France<\/a><\/span><\/li>\n<li><i class=\"icon-user color-hightlight\"><\/i><span style=\"color: #000000;\"><a style=\"color: #000000;\" href=\"https:\/\/us.bic.com\/en_us\/sustainability\" target=\"_blank\"><span dir=\"ltr\">BIC Lighter Division<\/span><\/a><\/span><\/li>\n<li><i class=\"icon-user color-hightlight\"><\/i><span style=\"color: #000000;\"><a style=\"color: #000000;\" href=\"https:\/\/entreprises.bnpparibas.fr\/\" target=\"_blank\">BNP PARIBAS<\/a><\/span><\/li>\n<li><i class=\"icon-user color-hightlight\"><\/i><span style=\"color: #000000;\"><a style=\"color: #000000;\" href=\"https:\/\/www.bcg.com\/fr-fr\/default.aspx\">BOSTON CONSULTING GROUP<\/a><\/span><\/li>\n<li><i class=\"icon-user color-hightlight\"><\/i><span style=\"color: #000000;\"><a style=\"color: #000000;\" href=\"https:\/\/groupebpce.com\/en\/our-firms\/natixis\" target=\"_blank\">Groupe BPCE \/ NATIXIS<\/a><\/span><\/li>\n<li><i class=\"icon-user color-hightlight\"><\/i><span style=\"color: #000000;\"><a style=\"color: #000000;\" href=\"http:\/\/www.caissedesdepots.fr\/\" target=\"_blank\">Groupe CAISSE DES D\u00c9P\u00d4TS<\/a><\/span><\/li>\n<li><i class=\"icon-user color-hightlight\"><\/i><span style=\"color: #000000;\"><a style=\"color: #000000;\" href=\"https:\/\/www.capgemini.com\/\" target=\"_blank\">CAPGEMINI<\/a><\/span><\/li>\n<li><i class=\"icon-user color-hightlight\"><\/i><span style=\"color: #000000;\"><a style=\"color: #000000;\" href=\"https:\/\/www.clearchannel.co.uk\/\" target=\"_blank\">CLEAR CHANNEL FRANCE<\/a><\/span><\/li>\n<li><i class=\"icon-user color-hightlight\"><\/i><span style=\"color: #000000;\"><a style=\"color: #000000;\" href=\"http:\/\/www.cma-cgm.com\/sustainability\" target=\"_blank\">CMA CGM<\/a><\/span><\/li>\n<li><i class=\"icon-user color-hightlight\"><\/i><span style=\"color: #000000;\"><a style=\"color: #000000;\" href=\"http:\/\/www.credit-agricole.fr\/banque-privee\/mieux-nous-connaitre\/amundi.html\" target=\"_blank\">CR\u00c9DIT AGRICOLE \/ AMUNDI<\/a><\/span><\/li>\n<li><i class=\"icon-user color-hightlight\"><\/i><span style=\"color: #000000;\"><a style=\"color: #000000;\" href=\"https:\/\/www.creditmutuel.com\/fr\/index.html\" target=\"_blank\">CR\u00c9DIT MUTUEL<\/a><\/span><\/li>\n<li><i class=\"icon-user color-hightlight\"><\/i><span style=\"color: #000000;\"><a style=\"color: #000000;\" href=\"http:\/\/www2.deloitte.com\/fr\/fr.html\" target=\"_blank\">DELOITTE<\/a><\/span><\/li>\n<li><i class=\"icon-user color-hightlight\"><\/i><span style=\"color: #000000;\"><a style=\"color: #000000;\" href=\"https:\/\/www.info.diot-siaci.com\/?lang=en\" target=\"_blank\">DIOT-SIACI<\/a><\/span><\/li>\n<li><i class=\"icon-user color-hightlight\"><\/i><span style=\"color: #000000;\"><a style=\"color: #000000;\" href=\"https:\/\/www.edf.fr\/\" target=\"_blank\">EDF<\/a><\/span><\/li>\n<li><i class=\"icon-user color-hightlight\"><\/i><span style=\"color: #000000;\"><a style=\"color: #000000;\" href=\"http:\/\/www.gdfsuez.com\/\" target=\"_blank\">ENGIE<\/a><\/span><\/li>\n<li><i class=\"icon-user color-hightlight\"><\/i><span style=\"color: #000000;\"><a style=\"color: #000000;\" href=\"http:\/\/www.erm.com\/fr\/locations\/france\/\" target=\"_blank\">ERM France<\/a><\/span><\/li>\n<li><i class=\"icon-user color-hightlight\"><\/i><span style=\"color: #000000;\"><a style=\"color: #000000;\" href=\"https:\/\/www.faurecia.com\/en\/sustainability\" target=\"_blank\">FORVIA<\/a><\/span><\/li>\n<li><i class=\"icon-user color-hightlight\"><\/i><span style=\"color: #000000;\"><a style=\"color: #000000;\" href=\"https:\/\/www.heidelbergcement.com\/en\/sustainability\">HEIDELBERGCEMENT France<\/a><\/span><\/li>\n<li><i class=\"icon-user color-hightlight\"><\/i><span style=\"color: #000000;\"><a style=\"color: #000000;\" href=\"https:\/\/www.hermes.com\/fr\/fr\/\">HERM\u00c8S<\/a><\/span><\/li>\n<li><i class=\"icon-user color-hightlight\"><\/i><span style=\"color: #000000;\"><a style=\"color: #000000;\" href=\"https:\/\/www.idverde.co.uk\/\" target=\"_blank\">IDVERDE<\/a><\/span><\/li>\n<li><i class=\"icon-user color-hightlight\"><\/i><span style=\"color: #000000;\"><a style=\"color: #000000;\" href=\"https:\/\/www.iliad.fr\/en\/nos-engagements\/pour-l-environnement\" target=\"_blank\">ILIAD<\/a><\/span><\/li>\n<li><i class=\"icon-user color-hightlight\"><\/i><span style=\"color: #000000;\"><a style=\"color: #000000;\" href=\"http:\/\/www.imerys.com\/scopi\/group\/imeryscom\/imeryscom.nsf\">IMERYS<\/a><\/span><\/li>\n<\/ul>\n<p><span style=\"color: #000000;\"><\/div><\/div><\/span><\/p>\n<p><span style=\"color: #333333; font-size: 14px;\"><div class=\"one-half last\"><\/span><br \/>\n<span style=\"color: #333333; font-size: 14px;\"> <div class=\"ul-style-lines\"><\/span><\/p>\n<ul class=\"icons\" style=\"list-style-image: none;\">\n<li><i class=\"icon-user color-hightlight\"><\/i><span style=\"color: #000000;\"><a style=\"color: #000000;\" href=\"http:\/\/www.invivo-group.com\/\">INVIVO<\/a><\/span><\/li>\n<li><i class=\"icon-user color-hightlight\"><\/i><span style=\"color: #000000;\"><a style=\"color: #000000;\" href=\"http:\/\/www.kering.com\/fr\" target=\"_blank\">KERING<\/a><\/span><\/li>\n<li><i class=\"icon-user color-hightlight\"><\/i><span style=\"color: #333333;\"><a style=\"color: #333333;\" href=\"http:\/\/www.lafargeholcim.com\/sustainable-development\">LAFARGE<\/a><\/span><\/li>\n<li><i class=\"icon-user color-hightlight\"><\/i><a href=\"https:\/\/www.lapostegroupe.com\/en\" target=\"_blank\"><span style=\"color: #333333;\">LA POSTE<\/span><\/a><\/li>\n<li><i class=\"icon-user color-hightlight\"><\/i><span style=\"color: #000000;\"><a style=\"color: #000000;\" href=\"https:\/\/www.lvmh.com\/\" target=\"_blank\">LVMH<\/a><\/span><\/li>\n<li><i class=\"icon-user color-hightlight\"><\/i><a href=\"https:\/\/www.macif.fr\/assurance\/la-macif\/rse-et-engagements\" target=\"_blank\"><span style=\"color: #000000;\">MACIF<\/span><\/a><\/li>\n<li><i class=\"icon-user color-hightlight\"><\/i><a href=\"https:\/\/www.marsh.com\/uk\/home.html\" target=\"_blank\"><span style=\"color: #333333;\">MARSH France<\/span><\/a><\/li>\n<li><i class=\"icon-user color-hightlight\"><\/i><span style=\"color: #333333;\"><a style=\"color: #333333;\" href=\"http:\/\/www.michelin.com\/fre\" target=\"_blank\">MICHELIN<\/a><\/span><\/li>\n<li><i class=\"icon-user color-hightlight\"><\/i><span style=\"color: #000000;\"><a style=\"color: #000000;\" href=\"https:\/\/www.nexity.fr\/en\/group\" target=\"_blank\">NEXITY<\/a><\/span><\/li>\n<li><i class=\"icon-user color-hightlight\"><\/i><span style=\"color: #333333;\"><a style=\"color: #333333;\" href=\"http:\/\/www.paprec.com\/fr\" target=\"_blank\">PAPREC<\/a><\/span><\/li>\n<li><i class=\"icon-user color-hightlight\"><\/i><span style=\"color: #000000;\"><a style=\"color: #000000;\" href=\"https:\/\/www.plasticomnium.com\/en\/\" target=\"_blank\">PLASTIC OMNIUM<\/a><\/span><\/li>\n<li><i class=\"icon-user color-hightlight\"><\/i><span style=\"color: #333333;\"><a style=\"color: #333333;\" href=\"http:\/\/www.primagaz.fr\/majic\/pageServer\" target=\"_blank\">PRIMAGAZ<\/a><\/span><\/li>\n<li><i class=\"icon-user color-hightlight\"><\/i><span style=\"color: #000000;\"><a style=\"color: #000000;\" href=\"https:\/\/www.publicisgroupe.com\/en\/splash-en\" target=\"_blank\">PUBLICIS<\/a><\/span><\/li>\n<li><i class=\"icon-user color-hightlight\"><\/i><span style=\"color: #333333;\"><a style=\"color: #333333;\" href=\"http:\/\/group.renault.com\/\" target=\"_blank\">Groupe RENAULT<\/a><\/span><\/li>\n<li><i class=\"icon-user color-hightlight\"><\/i><span style=\"color: #333333;\"><a style=\"color: #333333;\" href=\"https:\/\/www.rexel.fr\/\" target=\"_blank\">REXEL<\/a><\/span><\/li>\n<li><i class=\"icon-user color-hightlight\"><\/i><span style=\"color: #000000;\"><a style=\"color: #000000;\" href=\"https:\/\/www.roquette.com\/\" target=\"_blank\">ROQUETTE<\/a><\/span><\/li>\n<li><i class=\"icon-user color-hightlight\"><\/i><span style=\"color: #333333;\"><a style=\"color: #333333;\" href=\"http:\/\/www.rte-france.com\/\" target=\"_blank\">RTE France<\/a><\/span><\/li>\n<li><i class=\"icon-user color-hightlight\"><\/i><span style=\"color: #333333;\"><a style=\"color: #333333;\" href=\"https:\/\/www.saint-gobain.com\/fr\" target=\"_blank\">SAINT-GOBAIN<\/a><\/span><\/li>\n<li><i class=\"icon-user color-hightlight\"><\/i><span style=\"color: #333333;\"><a style=\"color: #333333;\" href=\"http:\/\/www.sanofi.com\/\" target=\"_blank\">SANOFI<\/a><\/span><\/li>\n<li><i class=\"icon-user color-hightlight\"><\/i><span style=\"color: #333333;\"><a style=\"color: #333333;\" href=\"http:\/\/www.schneider-electric.com\/fr\/fr\/\" target=\"_blank\">SCHNEIDER ELECTRIC<\/a><\/span><\/li>\n<li><i class=\"icon-user color-hightlight\"><\/i><span style=\"color: #333333;\"><a style=\"color: #333333;\" href=\"http:\/\/www.groupe-seche.com\/\" target=\"_blank\">S\u00c9CH\u00c9 ENVIRONNEMENT<\/a><\/span><\/li>\n<li><i class=\"icon-user color-hightlight\"><\/i><span style=\"color: #333333;\"><a style=\"color: #333333;\" href=\"http:\/\/corporate.voyages-sncf.com\/curieuse-curieux\/le-groupe\/\" target=\"_blank\">SNCF<\/a><\/span><\/li>\n<li><i class=\"icon-user color-hightlight\"><\/i><span style=\"color: #333333;\"><a style=\"color: #333333;\" href=\"http:\/\/www.societegenerale.com\/fr\/accueil\" target=\"_blank\">SOCI\u00c9T\u00c9 G\u00c9N\u00c9RALE<\/a><\/span><\/li>\n<li><i class=\"icon-user color-hightlight\"><\/i><span style=\"color: #333333;\"><a style=\"color: #333333;\" href=\"http:\/\/www.solvay.fr\/fr\/index.html\" target=\"_blank\">SOLVAY France<\/a><\/span><\/li>\n<li><i class=\"icon-user color-hightlight\"><\/i><span style=\"color: #333333;\"><a style=\"color: #333333;\" href=\"http:\/\/www.suez-environnement.fr\/\">SUEZ<\/a><\/span><\/li>\n<li><i class=\"icon-user color-hightlight\"><\/i><span style=\"color: #000000;\"><a style=\"color: #000000;\" href=\"https:\/\/www.technipenergies.com\/en\" target=\"_blank\">TECHNIP ENERGIES<\/a><\/span><\/li>\n<li><i class=\"icon-user color-hightlight\"><\/i><span style=\"color: #000000;\"><a style=\"color: #000000;\" href=\"https:\/\/www.tikehaucapital.com\/en\" target=\"_blank\">TIKEHAU CAPITAL<\/a><\/span><\/li>\n<li><i class=\"icon-user color-hightlight\"><\/i><a href=\"https:\/\/www.totalenergies.com\/\" target=\"_blank\"><span style=\"color: #333333;\">TOTALENERGIES<\/span><\/a><\/li>\n<li><i class=\"icon-user color-hightlight\"><\/i><span style=\"color: #333333;\"><a style=\"color: #333333;\" href=\"http:\/\/www.veolia.fr\/\" target=\"_blank\">VEOLIA<\/a><\/span><\/li>\n<li><i class=\"icon-user color-hightlight\"><\/i><span style=\"color: #333333;\"><a style=\"color: #333333;\" href=\"http:\/\/www.vesuvius.com\/en\/\" target=\"_blank\">VESUVIUS<\/a><\/span><\/li>\n<li><i class=\"icon-user color-hightlight\"><\/i><span style=\"color: #333333;\"><a style=\"color: #333333;\" href=\"https:\/\/www.vinci.com\/\" target=\"_blank\">VINCI<\/a><\/span><\/li>\n<li><i class=\"icon-user color-hightlight\"><\/i><span style=\"color: #000000;\"><a style=\"color: #000000;\" href=\"https:\/\/www.vivendi.com\/en\/our-group\/\" target=\"_blank\">VIVENDI<\/a><\/span><\/li>\n<\/ul>\n<p><\/div><br \/>\n<\/div><div class=\"clear\"><\/div>\n","protected":false},"excerpt":{"rendered":"ACCENTURE Groupe ADP AIG AIRBUS AIR FRANCE AIR LIQUIDE APAVE ARKEMA AXA BASF France BAYER France BIC Lighter Division BNP PARIBAS BOSTON CONSULTING GROUP Groupe&hellip; <a href=\"https:\/\/dev.epe-asso.org\/en\/our-members\/\" class=\"post-excerpt-readmore\"><\/a>","protected":false},"author":1,"featured_media":0,"parent":0,"menu_order":0,"comment_status":"open","ping_status":"open","template":"","meta":{"passster_activate_protection":false,"passster_protect_child_pages":"","passster_protection_type":"password","passster_password":"","passster_activate_overwrite_defaults":"","passster_headline":"","passster_instruction":"","passster_placeholder":"","passster_button":"","passster_id":"","passster_activate_misc_settings":"","passster_redirect_url":"","passster_hide":"no","passster_area_shortcode":"","_mi_skip_tracking":false,"_monsterinsights_sitenote_active":false,"_monsterinsights_sitenote_note":"","_monsterinsights_sitenote_category":0},"yoast_head":"<!-- This site is optimized with the Yoast SEO plugin v20.10 - https:\/\/yoast.com\/wordpress\/plugins\/seo\/ -->\n<title>OUR MEMBERS | EpE | Entreprises pour l&#039;Environnement<\/title>\n<meta name=\"robots\" content=\"index, follow, max-snippet:-1, max-image-preview:large, max-video-preview:-1\" \/>\n<link rel=\"canonical\" href=\"https:\/\/dev.epe-asso.org\/en\/our-members\/\" \/>\n<meta name=\"twitter:label1\" content=\"Est. reading time\" \/>\n\t<meta name=\"twitter:data1\" content=\"1 minute\" \/>\n<script type=\"application\/ld+json\" class=\"yoast-schema-graph\">{\"@context\":\"https:\/\/schema.org\",\"@graph\":[{\"@type\":\"WebPage\",\"@id\":\"https:\/\/dev.epe-asso.org\/en\/our-members\/\",\"url\":\"https:\/\/dev.epe-asso.org\/en\/our-members\/\",\"name\":\"OUR MEMBERS | EpE | Entreprises pour l&#039;Environnement\",\"isPartOf\":{\"@id\":\"https:\/\/dev.epe-asso.org\/#website\"},\"datePublished\":\"2014-11-15T15:57:12+00:00\",\"dateModified\":\"2023-03-07T12:28:56+00:00\",\"breadcrumb\":{\"@id\":\"https:\/\/dev.epe-asso.org\/en\/our-members\/#breadcrumb\"},\"inLanguage\":\"en-US\",\"potentialAction\":[{\"@type\":\"ReadAction\",\"target\":[\"https:\/\/dev.epe-asso.org\/en\/our-members\/\"]}]},{\"@type\":\"BreadcrumbList\",\"@id\":\"https:\/\/dev.epe-asso.org\/en\/our-members\/#breadcrumb\",\"itemListElement\":[{\"@type\":\"ListItem\",\"position\":1,\"name\":\"Accueil\",\"item\":\"https:\/\/dev.epe-asso.org\/en\/\"},{\"@type\":\"ListItem\",\"position\":2,\"name\":\"OUR MEMBERS\"}]},{\"@type\":\"WebSite\",\"@id\":\"https:\/\/dev.epe-asso.org\/#website\",\"url\":\"https:\/\/dev.epe-asso.org\/\",\"name\":\"EpE | Entreprises pour l&#039;Environnement\",\"description\":\"\",\"potentialAction\":[{\"@type\":\"SearchAction\",\"target\":{\"@type\":\"EntryPoint\",\"urlTemplate\":\"https:\/\/dev.epe-asso.org\/?s={search_term_string}\"},\"query-input\":\"required name=search_term_string\"}],\"inLanguage\":\"en-US\"}]}<\/script>\n<!-- \/ Yoast SEO plugin. -->","yoast_head_json":{"title":"OUR MEMBERS | EpE | Entreprises pour l&#039;Environnement","robots":{"index":"index","follow":"follow","max-snippet":"max-snippet:-1","max-image-preview":"max-image-preview:large","max-video-preview":"max-video-preview:-1"},"canonical":"https:\/\/dev.epe-asso.org\/en\/our-members\/","twitter_misc":{"Est. reading time":"1 minute"},"schema":{"@context":"https:\/\/schema.org","@graph":[{"@type":"WebPage","@id":"https:\/\/dev.epe-asso.org\/en\/our-members\/","url":"https:\/\/dev.epe-asso.org\/en\/our-members\/","name":"OUR MEMBERS | EpE | Entreprises pour l&#039;Environnement","isPartOf":{"@id":"https:\/\/dev.epe-asso.org\/#website"},"datePublished":"2014-11-15T15:57:12+00:00","dateModified":"2023-03-07T12:28:56+00:00","breadcrumb":{"@id":"https:\/\/dev.epe-asso.org\/en\/our-members\/#breadcrumb"},"inLanguage":"en-US","potentialAction":[{"@type":"ReadAction","target":["https:\/\/dev.epe-asso.org\/en\/our-members\/"]}]},{"@type":"BreadcrumbList","@id":"https:\/\/dev.epe-asso.org\/en\/our-members\/#breadcrumb","itemListElement":[{"@type":"ListItem","position":1,"name":"Accueil","item":"https:\/\/dev.epe-asso.org\/en\/"},{"@type":"ListItem","position":2,"name":"OUR MEMBERS"}]},{"@type":"WebSite","@id":"https:\/\/dev.epe-asso.org\/#website","url":"https:\/\/dev.epe-asso.org\/","name":"EpE | Entreprises pour l&#039;Environnement","description":"","potentialAction":[{"@type":"SearchAction","target":{"@type":"EntryPoint","urlTemplate":"https:\/\/dev.epe-asso.org\/?s={search_term_string}"},"query-input":"required name=search_term_string"}],"inLanguage":"en-US"}]}},"_links":{"self":[{"href":"https:\/\/dev.epe-asso.org\/en\/wp-json\/wp\/v2\/pages\/5516"}],"collection":[{"href":"https:\/\/dev.epe-asso.org\/en\/wp-json\/wp\/v2\/pages"}],"about":[{"href":"https:\/\/dev.epe-asso.org\/en\/wp-json\/wp\/v2\/types\/page"}],"author":[{"embeddable":true,"href":"https:\/\/dev.epe-asso.org\/en\/wp-json\/wp\/v2\/users\/1"}],"replies":[{"embeddable":true,"href":"https:\/\/dev.epe-asso.org\/en\/wp-json\/wp\/v2\/comments?post=5516"}],"version-history":[{"count":68,"href":"https:\/\/dev.epe-asso.org\/en\/wp-json\/wp\/v2\/pages\/5516\/revisions"}],"predecessor-version":[{"id":16329,"href":"https:\/\/dev.epe-asso.org\/en\/wp-json\/wp\/v2\/pages\/5516\/revisions\/16329"}],"wp:attachment":[{"href":"https:\/\/dev.epe-asso.org\/en\/wp-json\/wp\/v2\/media?parent=5516"}],"curies":[{"name":"wp","href":"https:\/\/api.w.org\/{rel}","templated":true}]}}