{"id":5520,"date":"2014-11-15T17:18:05","date_gmt":"2014-11-15T16:18:05","guid":{"rendered":"http:\/\/www.epe-asso.org\/who-are-we\/liste-des-membres\/membres-du-bureau\/"},"modified":"2023-01-05T15:20:33","modified_gmt":"2023-01-05T14:20:33","slug":"board","status":"publish","type":"page","link":"https:\/\/dev.epe-asso.org\/en\/board\/","title":{"rendered":"BOARD"},"content":{"rendered":"<div class=\"one-half\">\n<h4><span style=\"color: #004f9a;\">Chairman:<\/span><\/h4>\n<div class=\"ul-style-lines\"><\/p>\n<ul class=\"icons\" style=\"list-style-image: none;\">\n<li><i class=\"icon-user color-hightlight\"><\/i>M. Patrick POUYANN\u00c9 (TotalEnergies)<\/li>\n<\/ul>\n<p><\/div><\/div>\n<div class=\"one-half last\">\n<h4><span style=\"color: #004f9a;\">Vice-chairmen:<\/span><\/h4>\n<div class=\"ul-style-lines\"><\/p>\n<ul class=\"icons\" style=\"list-style-image: none;\">\n<li><i class=\"icon-user color-hightlight\"><\/i>M. Beno\u00eet BAZIN (Saint-Gobain)<\/li>\n<li><i class=\"icon-user color-hightlight\"><\/i>M. Jean-Laurent BONNAF\u00c9 (BNP Paribas)<\/li>\n<li><i class=\"icon-user color-hightlight\"><\/i>Mme Estelle BRACHLIANOFF (Veolia)<\/li>\n<li><i class=\"icon-user color-hightlight\"><\/i>M. Thomas BUBERL (AXA)<\/li>\n<li><i class=\"icon-user color-hightlight\"><\/i>Mme Catherine McGREGOR (Engie)<\/li>\n<li><i class=\"icon-user color-hightlight\"><\/i>M. Thomas REYNAUD (Groupe iliad)<\/li>\n<li><i class=\"icon-user color-hightlight\"><\/i>Mme Anne RIGAIL (Air France)<\/li>\n<li><i class=\"icon-user color-hightlight\"><\/i>M. Jean-Dominique SENARD (Groupe Renault)<\/li>\n<\/ul>\n<p><\/div><br \/>\n<\/div><div class=\"clear\"><\/div>\n<div class=\"one-third\">\n<h4><span style=\"color: #004f9a;\">Treasurer: <\/span><\/h4>\n<div class=\"ul-style-lines\"><\/p>\n<ul class=\"icons\" style=\"list-style-image: none;\">\n<li><i class=\"icon-user color-hightlight\"><\/i>Mme Catherine McGREGOR (Engie)<\/li>\n<\/ul>\n<p><\/div><br \/>\n<\/div>\n<div class=\"one-third\">\n<h4><span style=\"color: #004f9a;\">Secretary: <\/span><\/h4>\n<div class=\"ul-style-lines\"><\/p>\n<ul class=\"icons\" style=\"list-style-image: none;\">\n<li><i class=\"icon-user color-hightlight\"><\/i>Mme Rachel KOLBE SEMHOUN (InVivo)<\/li>\n<\/ul>\n<p><\/div><br \/>\n<\/div>\n<div class=\"one-third last\">\n<h4><span style=\"color: #004f9a;\">General Secretary: <\/span><\/h4>\n<div class=\"ul-style-lines\"><\/p>\n<ul class=\"icons\" style=\"list-style-image: none;\">\n<li><i class=\"icon-user color-hightlight\"><\/i>Mme Claire TUTENUIT<\/li>\n<\/ul>\n<p><\/div><br \/>\n<\/div><div class=\"clear\"><\/div>\n<div class=\"biginfopane\" style=\"color:#ffffff !important;background-color:#2a81e3\"><div class=\"inner\"><div class=\"text-block pad-left-right text-bright\"><div class=\"text-block-title\">Member companies of ENTREPRISES pour l\u2019ENVIRONNEMENT <\/div>abide by the Sustainable Development chart of the International Chamber of Commerce.<\/div><\/div><\/div>\n","protected":false},"excerpt":{"rendered":"Chairman: M. Patrick POUYANN\u00c9 (TotalEnergies) Vice-chairmen: M. Beno\u00eet BAZIN (Saint-Gobain) M. Jean-Laurent BONNAF\u00c9 (BNP Paribas) Mme Estelle BRACHLIANOFF (Veolia) M. Thomas BUBERL (AXA) Mme Catherine&hellip; <a href=\"https:\/\/dev.epe-asso.org\/en\/board\/\" class=\"post-excerpt-readmore\"><\/a>","protected":false},"author":1,"featured_media":0,"parent":0,"menu_order":0,"comment_status":"open","ping_status":"open","template":"","meta":{"passster_activate_protection":false,"passster_protect_child_pages":"","passster_protection_type":"password","passster_password":"","passster_activate_overwrite_defaults":"","passster_headline":"","passster_instruction":"","passster_placeholder":"","passster_button":"","passster_id":"","passster_activate_misc_settings":"","passster_redirect_url":"","passster_hide":"no","passster_area_shortcode":"","_mi_skip_tracking":false,"_monsterinsights_sitenote_active":false,"_monsterinsights_sitenote_note":"","_monsterinsights_sitenote_category":0},"yoast_head":"<!-- This site is optimized with the Yoast SEO plugin v20.10 - https:\/\/yoast.com\/wordpress\/plugins\/seo\/ -->\n<title>BOARD | EpE | Entreprises pour l&#039;Environnement<\/title>\n<meta name=\"robots\" content=\"index, follow, max-snippet:-1, max-image-preview:large, max-video-preview:-1\" \/>\n<link rel=\"canonical\" href=\"https:\/\/dev.epe-asso.org\/en\/board\/\" \/>\n<meta name=\"twitter:label1\" content=\"Est. reading time\" \/>\n\t<meta name=\"twitter:data1\" content=\"1 minute\" \/>\n<script type=\"application\/ld+json\" class=\"yoast-schema-graph\">{\"@context\":\"https:\/\/schema.org\",\"@graph\":[{\"@type\":\"WebPage\",\"@id\":\"https:\/\/dev.epe-asso.org\/en\/board\/\",\"url\":\"https:\/\/dev.epe-asso.org\/en\/board\/\",\"name\":\"BOARD | EpE | Entreprises pour l&#039;Environnement\",\"isPartOf\":{\"@id\":\"https:\/\/dev.epe-asso.org\/#website\"},\"datePublished\":\"2014-11-15T16:18:05+00:00\",\"dateModified\":\"2023-01-05T14:20:33+00:00\",\"breadcrumb\":{\"@id\":\"https:\/\/dev.epe-asso.org\/en\/board\/#breadcrumb\"},\"inLanguage\":\"en-US\",\"potentialAction\":[{\"@type\":\"ReadAction\",\"target\":[\"https:\/\/dev.epe-asso.org\/en\/board\/\"]}]},{\"@type\":\"BreadcrumbList\",\"@id\":\"https:\/\/dev.epe-asso.org\/en\/board\/#breadcrumb\",\"itemListElement\":[{\"@type\":\"ListItem\",\"position\":1,\"name\":\"Accueil\",\"item\":\"https:\/\/dev.epe-asso.org\/en\/\"},{\"@type\":\"ListItem\",\"position\":2,\"name\":\"BOARD\"}]},{\"@type\":\"WebSite\",\"@id\":\"https:\/\/dev.epe-asso.org\/#website\",\"url\":\"https:\/\/dev.epe-asso.org\/\",\"name\":\"EpE | Entreprises pour l&#039;Environnement\",\"description\":\"\",\"potentialAction\":[{\"@type\":\"SearchAction\",\"target\":{\"@type\":\"EntryPoint\",\"urlTemplate\":\"https:\/\/dev.epe-asso.org\/?s={search_term_string}\"},\"query-input\":\"required name=search_term_string\"}],\"inLanguage\":\"en-US\"}]}<\/script>\n<!-- \/ Yoast SEO plugin. -->","yoast_head_json":{"title":"BOARD | EpE | Entreprises pour l&#039;Environnement","robots":{"index":"index","follow":"follow","max-snippet":"max-snippet:-1","max-image-preview":"max-image-preview:large","max-video-preview":"max-video-preview:-1"},"canonical":"https:\/\/dev.epe-asso.org\/en\/board\/","twitter_misc":{"Est. reading time":"1 minute"},"schema":{"@context":"https:\/\/schema.org","@graph":[{"@type":"WebPage","@id":"https:\/\/dev.epe-asso.org\/en\/board\/","url":"https:\/\/dev.epe-asso.org\/en\/board\/","name":"BOARD | EpE | Entreprises pour l&#039;Environnement","isPartOf":{"@id":"https:\/\/dev.epe-asso.org\/#website"},"datePublished":"2014-11-15T16:18:05+00:00","dateModified":"2023-01-05T14:20:33+00:00","breadcrumb":{"@id":"https:\/\/dev.epe-asso.org\/en\/board\/#breadcrumb"},"inLanguage":"en-US","potentialAction":[{"@type":"ReadAction","target":["https:\/\/dev.epe-asso.org\/en\/board\/"]}]},{"@type":"BreadcrumbList","@id":"https:\/\/dev.epe-asso.org\/en\/board\/#breadcrumb","itemListElement":[{"@type":"ListItem","position":1,"name":"Accueil","item":"https:\/\/dev.epe-asso.org\/en\/"},{"@type":"ListItem","position":2,"name":"BOARD"}]},{"@type":"WebSite","@id":"https:\/\/dev.epe-asso.org\/#website","url":"https:\/\/dev.epe-asso.org\/","name":"EpE | Entreprises pour l&#039;Environnement","description":"","potentialAction":[{"@type":"SearchAction","target":{"@type":"EntryPoint","urlTemplate":"https:\/\/dev.epe-asso.org\/?s={search_term_string}"},"query-input":"required name=search_term_string"}],"inLanguage":"en-US"}]}},"_links":{"self":[{"href":"https:\/\/dev.epe-asso.org\/en\/wp-json\/wp\/v2\/pages\/5520"}],"collection":[{"href":"https:\/\/dev.epe-asso.org\/en\/wp-json\/wp\/v2\/pages"}],"about":[{"href":"https:\/\/dev.epe-asso.org\/en\/wp-json\/wp\/v2\/types\/page"}],"author":[{"embeddable":true,"href":"https:\/\/dev.epe-asso.org\/en\/wp-json\/wp\/v2\/users\/1"}],"replies":[{"embeddable":true,"href":"https:\/\/dev.epe-asso.org\/en\/wp-json\/wp\/v2\/comments?post=5520"}],"version-history":[{"count":8,"href":"https:\/\/dev.epe-asso.org\/en\/wp-json\/wp\/v2\/pages\/5520\/revisions"}],"predecessor-version":[{"id":16063,"href":"https:\/\/dev.epe-asso.org\/en\/wp-json\/wp\/v2\/pages\/5520\/revisions\/16063"}],"wp:attachment":[{"href":"https:\/\/dev.epe-asso.org\/en\/wp-json\/wp\/v2\/media?parent=5520"}],"curies":[{"name":"wp","href":"https:\/\/api.w.org\/{rel}","templated":true}]}}