{"id":6753,"date":"2015-11-09T17:53:11","date_gmt":"2015-11-09T16:53:11","guid":{"rendered":"http:\/\/www.epe-asso.org\/evenements-epe-pour-la-cop21-2\/"},"modified":"2015-11-25T10:23:38","modified_gmt":"2015-11-25T09:23:38","slug":"evenements-epe-pour-la-cop21","status":"publish","type":"page","link":"https:\/\/dev.epe-asso.org\/en\/evenements-epe-pour-la-cop21\/","title":{"rendered":"EpE events during the COP21"},"content":{"rendered":"<section class=\"wpb-content-wrapper\"><p>[vc_row][vc_column][vc_column_text]<\/p>\n<p style=\"text-align: justify;\"><strong>EpE commit to the COP21<\/strong>, you\u2019ll find all the events organised by the association on this page : conferences, party, TV sessions and corners.<\/p>\n<p style=\"text-align: justify;\">Plan your COP21 experience by also visiting the \u201c<strong>Paris 2015 climate map<\/strong>\u201d, an interactive map created in order to help visitors, negotiators and the public to find their way to the various climate events organised in and around Paris, and more ! <a href=\"http:\/\/paris2015-climatemap.epe-asso.org\/\">http:\/\/paris2015-climatemap.epe-asso.org\/<\/a><\/p>\n<p>[\/vc_column_text][\/vc_column][\/vc_row][vc_row][vc_column][vc_tta_accordion][vc_tta_section i_icon_fontawesome=&#8221;fa fa-comments&#8221; title=&#8221;EpE conferences during the COP21&#8243; tab_id=&#8221;1441873920568-18a8a48a-761481a8-1189&#8243; add_icon=&#8221;true&#8221;][vc_row_inner][vc_column_inner width=&#8221;3\/4&#8243;][vc_custom_heading text=&#8221;EpE evening : One Man Chaud !&#8221; font_container=&#8221;tag:h1|text_align:left&#8221; google_fonts=&#8221;font_family:Montserrat%3Aregular%2C700|font_style:400%20regular%3A400%3Anormal&#8221;][vc_column_text]<\/p>\n<p style=\"text-align: justify;\">Environmental disasters, climato-economic crisis, negotiations turning out to be rather more difficult\u2026 but also, countless solutions, new industrial revolution, lifestyles to reinvent! So let\u2019s laugh a little to introduce these two weeks of COP21. A one-man-show to laugh, for an evening, about climate change.<\/p>\n<p style=\"text-align: justify;\"><strong>Registration required<br \/>\n1 December 2015, 6:30 pm \u2013 9:00 pm \u2013 Venue : Th\u00e9\u00e2tre Le Com\u00e9dia, 4 boulevard de Strasbourg, Paris (10\u00e8me)<\/strong><\/p>\n<p>[\/vc_column_text][vc_btn title=&#8221;Registration&#8221; style=&#8221;flat&#8221; color=&#8221;juicy-pink&#8221; link=&#8221;url:http%3A%2F%2Fcop21.epe-asso.org%2Findex-en.php||target:%20_blank&#8221;][\/vc_column_inner][vc_column_inner width=&#8221;1\/4&#8243;][vc_gmaps link=&#8221;#E-8_JTNDaWZyYW1lJTIwc3JjJTNEJTIyaHR0cHMlM0ElMkYlMkZ3d3cuZ29vZ2xlLmNvbSUyRm1hcHMlMkZlbWJlZCUzRnBiJTNEJTIxMW0xOCUyMTFtMTIlMjExbTMlMjExZDI2MjQuMzg3MzQ3MzE3Njg3JTIxMmQyLjM1MjM4MjAxNTYwOTIzMSUyMTNkNDguODY5ODkxOTc5Mjg4NTglMjEybTMlMjExZjAlMjEyZjAlMjEzZjAlMjEzbTIlMjExaTEwMjQlMjEyaTc2OCUyMTRmMTMuMSUyMTNtMyUyMTFtMiUyMTFzMHg0N2U2NmUxMTk4N2JkMzI1JTI1M0EweDUzMGMyNGU1ODIyMDZjM2ElMjEyczQlMkJCb3VsZXZhcmQlMkJkZSUyQlN0cmFzYm91cmclMjUyQyUyQjc1MDEwJTJCUGFyaXMlMjE1ZTAlMjEzbTIlMjExc2ZyJTIxMnNmciUyMTR2MTQ0ODM4MTE0OTc5NSUyMiUyMHdpZHRoJTNEJTIyNjAwJTIyJTIwaGVpZ2h0JTNEJTIyNDUwJTIyJTIwZnJhbWVib3JkZXIlM0QlMjIwJTIyJTIwc3R5bGUlM0QlMjJib3JkZXIlM0EwJTIyJTIwYWxsb3dmdWxsc2NyZWVuJTNFJTNDJTJGaWZyYW1lJTNF&#8221; size=&#8221;200&#8243; title=&#8221;1 December, 6:30pm &#8211; 9:00pm&#8221;][\/vc_column_inner][\/vc_row_inner][vc_row_inner][vc_column_inner width=&#8221;3\/4&#8243;][vc_custom_heading text=&#8221;Conference &#8220;And now, what are we doing ? Business solutions for climate&#8220;&#8221; font_container=&#8221;tag:h1|text_align:left&#8221; google_fonts=&#8221;font_family:Montserrat%3Aregular%2C700|font_style:400%20regular%3A400%3Anormal&#8221;][vc_column_text]<img decoding=\"async\" loading=\"lazy\" class=\" wp-image-6760 size-medium alignleft\" src=\"https:\/\/dev.epe-asso.org\/wp-content\/uploads\/2015\/11\/Image-couv-212x300.jpg\" alt=\"\" width=\"212\" height=\"300\" \/> Fighting climate change and allowing growth for all, it&#8217;s possible! Scientists from the IPCC as well as economists and public authorities from the New Climate Economy agree that solutions exist. But we need to identify them, and above all to deploy at a large scale and high pace, everywhere. Companies and stakeholders present their solutions during this conference. Speakers: &#8211;\u00a0SkyPower Global, Kerry Adler, CEO &#8211;\u00a0NHO (Norway business association), Kristin Skogen-Lund, General Director &#8211;\u00a0French business leaders (to be confirmed) &#8211;\u00a0Mayor (to beconfirmed) &#8211;\u00a0NGO representative (to be confirmed) Conference in English <em>Venue:<\/em> <strong>Grand Palais, 3 Avenue du G\u00e9n\u00e9ral Eisenhower, Paris 8\u00e8me<\/strong> <strong> 4 December 2015, 1:00 pm \u2013 2:50 pm<\/strong>[\/vc_column_text][vc_btn title=&#8221;Registration&#8221; style=&#8221;flat&#8221; color=&#8221;juicy-pink&#8221; link=&#8221;url:http%3A%2F%2Fcop21.epe-asso.org%2Findex-en.php||target:%20_blank&#8221;][\/vc_column_inner][vc_column_inner width=&#8221;1\/4&#8243;][vc_gmaps link=&#8221;#E-8_JTNDaWZyYW1lJTIwc3JjJTNEJTIyaHR0cHMlM0ElMkYlMkZ3d3cuZ29vZ2xlLmNvbSUyRm1hcHMlMkZlbWJlZCUzRnBiJTNEJTIxMW0xOCUyMTFtMTIlMjExbTMlMjExZDI2MjQuNTg1NzU3MjU5ODUxJTIxMmQyLjMxMDI2NTcxNTY3NDY2MjQlMjEzZDQ4Ljg2NjEwOTA3OTI4ODIxNSUyMTJtMyUyMTFmMCUyMTJmMCUyMTNmMCUyMTNtMiUyMTFpMTAyNCUyMTJpNzY4JTIxNGYxMy4xJTIxM20zJTIxMW0yJTIxMXMweDQ3ZTY2ZmQwNDhlZWRjZDElMjUzQTB4NDk5YjQ1NTc1MTQ3YTA2YiUyMTJzR3JhbmQlMkJQYWxhaXMlMjE1ZTAlMjEzbTIlMjExc2ZyJTIxMnNmciUyMTR2MTQ0NjgxMDM1MDU5MyUyMiUyMHdpZHRoJTNEJTIyNjAwJTIyJTIwaGVpZ2h0JTNEJTIyNDUwJTIyJTIwZnJhbWVib3JkZXIlM0QlMjIwJTIyJTIwc3R5bGUlM0QlMjJib3JkZXIlM0EwJTIyJTIwYWxsb3dmdWxsc2NyZWVuJTNFJTNDJTJGaWZyYW1lJTNF&#8221; size=&#8221;200&#8243; title=&#8221;4 December, 1:00pm &#8211; 2:50pm&#8221;][\/vc_column_inner][\/vc_row_inner][vc_row_inner][vc_column_inner width=&#8221;3\/4&#8243;][vc_custom_heading text=&#8221;Conference &#8220;How companies adapt to climate impacts?&#8220;&#8221; font_container=&#8221;tag:h1|text_align:left&#8221; google_fonts=&#8221;font_family:Montserrat%3Aregular%2C700|font_style:400%20regular%3A400%3Anormal&#8221;][vc_column_text]<a href=\"https:\/\/dev.epe-asso.org\/wp-content\/uploads\/2014\/12\/image_rapports134.jpg\"><img decoding=\"async\" loading=\"lazy\" class=\" size-medium wp-image-4517 alignleft\" src=\"https:\/\/dev.epe-asso.org\/wp-content\/uploads\/2014\/12\/image_rapports134-220x300.jpg\" alt=\"image_rapports134\" width=\"220\" height=\"300\" srcset=\"https:\/\/dev.epe-asso.org\/wp-content\/uploads\/2014\/12\/image_rapports134-220x300.jpg 220w, https:\/\/dev.epe-asso.org\/wp-content\/uploads\/2014\/12\/image_rapports134.jpg 240w\" sizes=\"(max-width: 220px) 100vw, 220px\" \/><\/a> Climate change impacts are visible right now and have important consequences for economic players. More and more companies integrate adaptation to climate change in their business management, in cooperation with the territories in which they evolve. Here, companies and stakeholders present their strategies for adaptation and share their experiences. Speakers: &#8211;\u00a0Agence Parisienne du Climat, Anne Ged, General Director &#8211;\u00a0ERM, Stefano Bonelli, senior consultant ( to be confirmed) &#8211;\u00a0SNCF, Christian Dubost, Environment and Sustainable development Director &#8211;\u00a0Veolia, H\u00e9l\u00e8ne Lebedeff, Sustainable development Deputy Director Conference in French <em>Venue:<\/em> <strong>Grand Palais, 3 Avenue du G\u00e9n\u00e9ral Eisenhower, Paris 8\u00e8me<\/strong> <strong> 4 December 2015, 3:00 pm \u2013 3:50 pm<\/strong>[\/vc_column_text][vc_btn title=&#8221;Registration&#8221; style=&#8221;flat&#8221; color=&#8221;juicy-pink&#8221; link=&#8221;url:http%3A%2F%2Fcop21.epe-asso.org%2Findex-en.php||target:%20_blank&#8221;][\/vc_column_inner][vc_column_inner width=&#8221;1\/4&#8243;][vc_gmaps link=&#8221;#E-8_JTNDaWZyYW1lJTIwc3JjJTNEJTIyaHR0cHMlM0ElMkYlMkZ3d3cuZ29vZ2xlLmNvbSUyRm1hcHMlMkZlbWJlZCUzRnBiJTNEJTIxMW0xOCUyMTFtMTIlMjExbTMlMjExZDI2MjQuNTg1NzU3MjU5ODUxJTIxMmQyLjMxMDI2NTcxNTY3NDY2MjQlMjEzZDQ4Ljg2NjEwOTA3OTI4ODIxNSUyMTJtMyUyMTFmMCUyMTJmMCUyMTNmMCUyMTNtMiUyMTFpMTAyNCUyMTJpNzY4JTIxNGYxMy4xJTIxM20zJTIxMW0yJTIxMXMweDQ3ZTY2ZmQwNDhlZWRjZDElMjUzQTB4NDk5YjQ1NTc1MTQ3YTA2YiUyMTJzR3JhbmQlMkJQYWxhaXMlMjE1ZTAlMjEzbTIlMjExc2ZyJTIxMnNmciUyMTR2MTQ0NjgxMDM1MDU5MyUyMiUyMHdpZHRoJTNEJTIyNjAwJTIyJTIwaGVpZ2h0JTNEJTIyNDUwJTIyJTIwZnJhbWVib3JkZXIlM0QlMjIwJTIyJTIwc3R5bGUlM0QlMjJib3JkZXIlM0EwJTIyJTIwYWxsb3dmdWxsc2NyZWVuJTNFJTNDJTJGaWZyYW1lJTNF&#8221; size=&#8221;200&#8243; title=&#8221;4 December, 3:00pm &#8211; 3:50pm&#8221;][\/vc_column_inner][\/vc_row_inner][\/vc_tta_section][vc_tta_section i_icon_fontawesome=&#8221;fa fa-desktop&#8221; title=&#8221;EpE TV Sessions during the COP21&#8243; tab_id=&#8221;1441873920660-a173daba-045681a8-1189&#8243; add_icon=&#8221;true&#8221;][vc_row_inner][vc_column_inner width=&#8221;3\/4&#8243;][vc_custom_heading text=&#8221;Conference : Business commitment to climate&#8221; font_container=&#8221;tag:h1|text_align:left&#8221; google_fonts=&#8221;font_family:Montserrat%3Aregular%2C700|font_style:400%20regular%3A400%3Anormal&#8221;][vc_column_text]A few days before the end of the Conference, the outgoing President and the new President of EpE share their vision and reactions about the climate negotiations.\u00a0 They present their commitments to ensure that the Paris agreement will launch a global low-carbon transition. Speakers: &#8211;\u00a0<strong>Pierre-Andr\u00e9 de Chalendar, President and CEO of Saint-Gobain<\/strong>, former President of Entreprises pour l\u2019Environnement &#8211;\u00a0<strong>Jean-Dominique Senard, CEO of Michelin<\/strong>, President of Entreprises pour l\u2019Environnement French and English speaking <em>Venue:<\/em> <strong>Grand Palais, 3 Avenue du G\u00e9n\u00e9ral Eisenhower, Paris 8\u00e8me<\/strong> <strong> 9 December 2015, 11:15 am \u2013 11:45 am<\/strong> <strong>\u00a0<\/strong>[\/vc_column_text][vc_btn title=&#8221;Registration&#8221; style=&#8221;flat&#8221; color=&#8221;juicy-pink&#8221; link=&#8221;url:http%3A%2F%2Fcop21.epe-asso.org%2Findex-en.php||target:%20_blank&#8221;][\/vc_column_inner][vc_column_inner width=&#8221;1\/4&#8243;][vc_gmaps link=&#8221;#E-8_JTNDaWZyYW1lJTIwc3JjJTNEJTIyaHR0cHMlM0ElMkYlMkZ3d3cuZ29vZ2xlLmNvbSUyRm1hcHMlMkZlbWJlZCUzRnBiJTNEJTIxMW0xOCUyMTFtMTIlMjExbTMlMjExZDI2MjQuNTg1NzU3MjU5ODUxJTIxMmQyLjMxMDI2NTcxNTY3NDY2MjQlMjEzZDQ4Ljg2NjEwOTA3OTI4ODIxNSUyMTJtMyUyMTFmMCUyMTJmMCUyMTNmMCUyMTNtMiUyMTFpMTAyNCUyMTJpNzY4JTIxNGYxMy4xJTIxM20zJTIxMW0yJTIxMXMweDQ3ZTY2ZmQwNDhlZWRjZDElMjUzQTB4NDk5YjQ1NTc1MTQ3YTA2YiUyMTJzR3JhbmQlMkJQYWxhaXMlMjE1ZTAlMjEzbTIlMjExc2ZyJTIxMnNmciUyMTR2MTQ0NjgxMDM1MDU5MyUyMiUyMHdpZHRoJTNEJTIyNjAwJTIyJTIwaGVpZ2h0JTNEJTIyNDUwJTIyJTIwZnJhbWVib3JkZXIlM0QlMjIwJTIyJTIwc3R5bGUlM0QlMjJib3JkZXIlM0EwJTIyJTIwYWxsb3dmdWxsc2NyZWVuJTNFJTNDJTJGaWZyYW1lJTNF&#8221; size=&#8221;200&#8243; title=&#8221;9 December, 11:15am &#8211; 11:45am&#8221;][\/vc_column_inner][\/vc_row_inner][vc_row_inner][vc_column_inner width=&#8221;3\/4&#8243;][vc_custom_heading text=&#8221;Conference : Reduce, Reuse, Recycle, Recreate !&#8221; font_container=&#8221;tag:h1|text_align:left&#8221; google_fonts=&#8221;font_family:Montserrat%3Aregular%2C700|font_style:400%20regular%3A400%3Anormal&#8221;][vc_column_text]<strong>Launch of the 11th Award for Environment EpE-metronews<\/strong>. New business models are emerging to fight against climate change and the growing demand on resources (water, raw materials, energy&#8230;). Companies supporting the Award for Environment EpE-metronews and their partners present these new patterns. Then, young laureates present their ambitious and vertuous projects. Speakers: &#8211;\u00a0<strong>EpE<\/strong>, Claire Tutenuit, General Delegate &#8211;\u00a0<strong>Metro France<\/strong>, Sophie Sachnine, President &#8211;\u00a0<strong>Michelin<\/strong>, Patrick Oliva, Senior Vice President &#8211; External Relations &#8211; Sustainable Mobility &amp; Energy Transition &#8211;\u00a0<strong>Rexel<\/strong>, Bertrand de Clermont Tonnerre, Sustainable Development Director &#8211;\u00a0<strong>Arjowiggins Graphic<\/strong>, Gilles Lhermitte, Sustainable Development Director &#8211; <strong>St\u00e9phane Perenn\u00e8s,<\/strong> MFR Director and Mayor of Gron (89), <strong>Maire de Gron<\/strong> &#8211;\u00a0<strong>Actu-Environnement<\/strong>, David Ascher, Director of Publications Webcasting on the Solutions COP21 Youtube channel: <a href=\"http:\/\/www.dailymotion.com\/solutionscop21\">http:\/\/www.dailymotion.com\/solutionscop21<\/a> <em>Venue:<\/em> <strong>Le Bourget<\/strong> <strong> 9 December 2015, 3:45 pm \u20134:15 pm<\/strong>[\/vc_column_text][vc_btn title=&#8221;Registration&#8221; style=&#8221;flat&#8221; color=&#8221;juicy-pink&#8221; link=&#8221;url:http%3A%2F%2Fcop21.epe-asso.org%2Findex-en.php||target:%20_blank&#8221;][\/vc_column_inner][vc_column_inner width=&#8221;1\/4&#8243;][vc_gmaps link=&#8221;#E-8_JTNDaWZyYW1lJTIwc3JjJTNEJTIyaHR0cHMlM0ElMkYlMkZ3d3cuZ29vZ2xlLmNvbSUyRm1hcHMlMkZlbWJlZCUzRnBiJTNEJTIxMW0xOCUyMTFtMTIlMjExbTMlMjExZDI2MjAuNTE1NTE5MTgzMDQ4NiUyMTJkMi40Mjg1NzkzMTU2MTE5NTklMjEzZDQ4Ljk0MzY2ODk3OTI5NTklMjEybTMlMjExZjAlMjEyZjAlMjEzZjAlMjEzbTIlMjExaTEwMjQlMjEyaTc2OCUyMTRmMTMuMSUyMTNtMyUyMTFtMiUyMTFzMHg0N2U2MTQyMzU0NTg2NWZmJTI1M0EweDk1ODU2MjVkNzIwMzNhMzIlMjEyc1BhcmMlMkJkZXMlMkJFeHBvc2l0aW9ucyUyQlBhcmlzJTJCbGUlMkJCb3VyZ2V0JTIxNWUwJTIxM20yJTIxMXNmciUyMTJzZnIlMjE0djE0NDY4MTgxNTg1MjMlMjIlMjB3aWR0aCUzRCUyMjYwMCUyMiUyMGhlaWdodCUzRCUyMjQ1MCUyMiUyMGZyYW1lYm9yZGVyJTNEJTIyMCUyMiUyMHN0eWxlJTNEJTIyYm9yZGVyJTNBMCUyMiUyMGFsbG93ZnVsbHNjcmVlbiUzRSUzQyUyRmlmcmFtZSUzRQ==&#8221; size=&#8221;200&#8243; title=&#8221;9 December, 3:45pm &#8211; 4:15pm&#8221;][\/vc_column_inner][\/vc_row_inner][\/vc_tta_section][vc_tta_section i_icon_fontawesome=&#8221;fa fa-coffee&#8221; title=&#8221;EpE Corner during the COP21&#8243; tab_id=&#8221;1446814165126-48a10646-ce9a&#8221; add_icon=&#8221;true&#8221;][vc_row_inner][vc_column_inner width=&#8221;3\/4&#8243;][vc_custom_heading text=&#8221;Climate delicious menus&#8221; font_container=&#8221;tag:h1|text_align:left&#8221; google_fonts=&#8221;font_family:Montserrat%3Aregular%2C700|font_style:400%20regular%3A400%3Anormal&#8221;][vc_column_text]<a href=\"https:\/\/dev.epe-asso.org\/wp-content\/uploads\/2015\/11\/151026-bonpourleclimatHD-e1446818581127.jpg\"><img decoding=\"async\" loading=\"lazy\" class=\"  wp-image-6739 alignleft\" src=\"https:\/\/dev.epe-asso.org\/wp-content\/uploads\/2015\/11\/151026-bonpourleclimatHD-e1446818581127.jpg\" alt=\"151026-bonpourleclimatHD\" width=\"171\" height=\"143\" \/><\/a> Food would be responsible for nearly a third of French emissions of greenhouse gases. Yet, it is increasingly easy to choose a good diet both for oneself and for the climate. Coming to meet visitors at the heart of the Grand Palais, 3 Avenue General Eisenhower, 75008 Paris, experts from Eco2initiative and Bon pour le Climat show the impact of our food in our climate footprint. And offer simple and accessible solutions to cook meals good for the climate based on local, seasonal and favouring the plant. <em>Venue:<\/em> <strong>Grand Palais, Corner Solutions, 3 Avenue du G\u00e9n\u00e9ral Eisenhower, Paris 8\u00e8me <\/strong> <strong>4 December 2015, 1:15 pm \u2013 2:30 pm<\/strong>[\/vc_column_text][\/vc_column_inner][vc_column_inner width=&#8221;1\/4&#8243;][vc_gmaps link=&#8221;#E-8_JTNDaWZyYW1lJTIwc3JjJTNEJTIyaHR0cHMlM0ElMkYlMkZ3d3cuZ29vZ2xlLmNvbSUyRm1hcHMlMkZlbWJlZCUzRnBiJTNEJTIxMW0xOCUyMTFtMTIlMjExbTMlMjExZDI2MjQuNTg1NzU3MjU5ODUxJTIxMmQyLjMxMDI2NTcxNTY3NDY2MjQlMjEzZDQ4Ljg2NjEwOTA3OTI4ODIxNSUyMTJtMyUyMTFmMCUyMTJmMCUyMTNmMCUyMTNtMiUyMTFpMTAyNCUyMTJpNzY4JTIxNGYxMy4xJTIxM20zJTIxMW0yJTIxMXMweDQ3ZTY2ZmQwNDhlZWRjZDElMjUzQTB4NDk5YjQ1NTc1MTQ3YTA2YiUyMTJzR3JhbmQlMkJQYWxhaXMlMjE1ZTAlMjEzbTIlMjExc2ZyJTIxMnNmciUyMTR2MTQ0NjgxMDM1MDU5MyUyMiUyMHdpZHRoJTNEJTIyNjAwJTIyJTIwaGVpZ2h0JTNEJTIyNDUwJTIyJTIwZnJhbWVib3JkZXIlM0QlMjIwJTIyJTIwc3R5bGUlM0QlMjJib3JkZXIlM0EwJTIyJTIwYWxsb3dmdWxsc2NyZWVuJTNFJTNDJTJGaWZyYW1lJTNF&#8221; size=&#8221;200&#8243; title=&#8221;4 December, 1:15pm &#8211; 2:30pm&#8221;][vc_masonry_media_grid grid_id=&#8221;vc_gid:1446818599302-128e2a26-92fc-9&#8243; include=&#8221;3255,6740,6739&#8243;][\/vc_column_inner][\/vc_row_inner][\/vc_tta_section][\/vc_tta_accordion][\/vc_column][\/vc_row]<\/p>\n<\/section>","protected":false},"excerpt":{"rendered":"<p>[vc_row][vc_column][vc_column_text] EpE commit to the COP21, you\u2019ll find all the events organised by the association on this page : conferences, party, TV sessions and corners.&hellip; <a href=\"https:\/\/dev.epe-asso.org\/en\/evenements-epe-pour-la-cop21\/\" class=\"post-excerpt-readmore\"><\/a><\/p>\n","protected":false},"author":1,"featured_media":0,"parent":0,"menu_order":0,"comment_status":"open","ping_status":"open","template":"","meta":{"passster_activate_protection":false,"passster_protect_child_pages":"","passster_protection_type":"password","passster_password":"","passster_activate_overwrite_defaults":"","passster_headline":"","passster_instruction":"","passster_placeholder":"","passster_button":"","passster_id":"","passster_activate_misc_settings":"","passster_redirect_url":"","passster_hide":"no","passster_area_shortcode":"","_mi_skip_tracking":false,"_monsterinsights_sitenote_active":false,"_monsterinsights_sitenote_note":"","_monsterinsights_sitenote_category":0},"yoast_head":"<!-- This site is optimized with the Yoast SEO plugin v20.10 - https:\/\/yoast.com\/wordpress\/plugins\/seo\/ -->\n<title>EpE events during the COP21 | EpE | Entreprises pour l&#039;Environnement<\/title>\n<meta name=\"robots\" content=\"index, follow, max-snippet:-1, max-image-preview:large, max-video-preview:-1\" \/>\n<link rel=\"canonical\" href=\"https:\/\/dev.epe-asso.org\/en\/evenements-epe-pour-la-cop21\/\" \/>\n<meta name=\"twitter:label1\" content=\"Est. reading time\" \/>\n\t<meta name=\"twitter:data1\" content=\"8 minutes\" \/>\n<script type=\"application\/ld+json\" class=\"yoast-schema-graph\">{\"@context\":\"https:\/\/schema.org\",\"@graph\":[{\"@type\":\"WebPage\",\"@id\":\"https:\/\/dev.epe-asso.org\/en\/evenements-epe-pour-la-cop21\/\",\"url\":\"https:\/\/dev.epe-asso.org\/en\/evenements-epe-pour-la-cop21\/\",\"name\":\"EpE events during the COP21 | EpE | Entreprises pour l&#039;Environnement\",\"isPartOf\":{\"@id\":\"https:\/\/dev.epe-asso.org\/#website\"},\"datePublished\":\"2015-11-09T16:53:11+00:00\",\"dateModified\":\"2015-11-25T09:23:38+00:00\",\"breadcrumb\":{\"@id\":\"https:\/\/dev.epe-asso.org\/en\/evenements-epe-pour-la-cop21\/#breadcrumb\"},\"inLanguage\":\"en-US\",\"potentialAction\":[{\"@type\":\"ReadAction\",\"target\":[\"https:\/\/dev.epe-asso.org\/en\/evenements-epe-pour-la-cop21\/\"]}]},{\"@type\":\"BreadcrumbList\",\"@id\":\"https:\/\/dev.epe-asso.org\/en\/evenements-epe-pour-la-cop21\/#breadcrumb\",\"itemListElement\":[{\"@type\":\"ListItem\",\"position\":1,\"name\":\"Accueil\",\"item\":\"https:\/\/dev.epe-asso.org\/en\/\"},{\"@type\":\"ListItem\",\"position\":2,\"name\":\"EpE events during the COP21\"}]},{\"@type\":\"WebSite\",\"@id\":\"https:\/\/dev.epe-asso.org\/#website\",\"url\":\"https:\/\/dev.epe-asso.org\/\",\"name\":\"EpE | Entreprises pour l&#039;Environnement\",\"description\":\"\",\"potentialAction\":[{\"@type\":\"SearchAction\",\"target\":{\"@type\":\"EntryPoint\",\"urlTemplate\":\"https:\/\/dev.epe-asso.org\/?s={search_term_string}\"},\"query-input\":\"required name=search_term_string\"}],\"inLanguage\":\"en-US\"}]}<\/script>\n<!-- \/ Yoast SEO plugin. -->","yoast_head_json":{"title":"EpE events during the COP21 | EpE | Entreprises pour l&#039;Environnement","robots":{"index":"index","follow":"follow","max-snippet":"max-snippet:-1","max-image-preview":"max-image-preview:large","max-video-preview":"max-video-preview:-1"},"canonical":"https:\/\/dev.epe-asso.org\/en\/evenements-epe-pour-la-cop21\/","twitter_misc":{"Est. reading time":"8 minutes"},"schema":{"@context":"https:\/\/schema.org","@graph":[{"@type":"WebPage","@id":"https:\/\/dev.epe-asso.org\/en\/evenements-epe-pour-la-cop21\/","url":"https:\/\/dev.epe-asso.org\/en\/evenements-epe-pour-la-cop21\/","name":"EpE events during the COP21 | EpE | Entreprises pour l&#039;Environnement","isPartOf":{"@id":"https:\/\/dev.epe-asso.org\/#website"},"datePublished":"2015-11-09T16:53:11+00:00","dateModified":"2015-11-25T09:23:38+00:00","breadcrumb":{"@id":"https:\/\/dev.epe-asso.org\/en\/evenements-epe-pour-la-cop21\/#breadcrumb"},"inLanguage":"en-US","potentialAction":[{"@type":"ReadAction","target":["https:\/\/dev.epe-asso.org\/en\/evenements-epe-pour-la-cop21\/"]}]},{"@type":"BreadcrumbList","@id":"https:\/\/dev.epe-asso.org\/en\/evenements-epe-pour-la-cop21\/#breadcrumb","itemListElement":[{"@type":"ListItem","position":1,"name":"Accueil","item":"https:\/\/dev.epe-asso.org\/en\/"},{"@type":"ListItem","position":2,"name":"EpE events during the COP21"}]},{"@type":"WebSite","@id":"https:\/\/dev.epe-asso.org\/#website","url":"https:\/\/dev.epe-asso.org\/","name":"EpE | Entreprises pour l&#039;Environnement","description":"","potentialAction":[{"@type":"SearchAction","target":{"@type":"EntryPoint","urlTemplate":"https:\/\/dev.epe-asso.org\/?s={search_term_string}"},"query-input":"required name=search_term_string"}],"inLanguage":"en-US"}]}},"_links":{"self":[{"href":"https:\/\/dev.epe-asso.org\/en\/wp-json\/wp\/v2\/pages\/6753"}],"collection":[{"href":"https:\/\/dev.epe-asso.org\/en\/wp-json\/wp\/v2\/pages"}],"about":[{"href":"https:\/\/dev.epe-asso.org\/en\/wp-json\/wp\/v2\/types\/page"}],"author":[{"embeddable":true,"href":"https:\/\/dev.epe-asso.org\/en\/wp-json\/wp\/v2\/users\/1"}],"replies":[{"embeddable":true,"href":"https:\/\/dev.epe-asso.org\/en\/wp-json\/wp\/v2\/comments?post=6753"}],"version-history":[{"count":4,"href":"https:\/\/dev.epe-asso.org\/en\/wp-json\/wp\/v2\/pages\/6753\/revisions"}],"predecessor-version":[{"id":6835,"href":"https:\/\/dev.epe-asso.org\/en\/wp-json\/wp\/v2\/pages\/6753\/revisions\/6835"}],"wp:attachment":[{"href":"https:\/\/dev.epe-asso.org\/en\/wp-json\/wp\/v2\/media?parent=6753"}],"curies":[{"name":"wp","href":"https:\/\/api.w.org\/{rel}","templated":true}]}}